{"id":95,"date":"2018-06-18T06:57:36","date_gmt":"2018-06-18T06:57:36","guid":{"rendered":"http:\/\/xerac.com.mx\/bra\/home\/"},"modified":"2021-08-02T15:31:32","modified_gmt":"2021-08-02T15:31:32","slug":"inicio","status":"publish","type":"page","link":"https:\/\/xerac.com.mx\/bra\/","title":{"rendered":"Inicio"},"content":{"rendered":"<p><img decoding=\"async\" width=\"1024\" height=\"846\" src=\"http:\/\/xerac.com.mx\/bra\/wp-content\/uploads\/2021\/07\/carnecomer-min-1024x846.png\" alt=\"\" loading=\"lazy\" srcset=\"http:\/\/xerac.com.mx\/bra\/wp-content\/uploads\/2021\/07\/carnecomer-min-1024x846.png 1024w, http:\/\/xerac.com.mx\/bra\/wp-content\/uploads\/2021\/07\/carnecomer-min-600x496.png 600w, http:\/\/xerac.com.mx\/bra\/wp-content\/uploads\/2021\/07\/carnecomer-min-300x248.png 300w, http:\/\/xerac.com.mx\/bra\/wp-content\/uploads\/2021\/07\/carnecomer-min-768x634.png 768w, http:\/\/xerac.com.mx\/bra\/wp-content\/uploads\/2021\/07\/carnecomer-min.png 1150w\" sizes=\"auto, (max-width: 1024px) 100vw, 1024px\" \/><br \/>\n\t\t\t\t\t\t\t\t\t\t\t\t\t\t\t<img decoding=\"async\" width=\"75\" height=\"33\" src=\"http:\/\/xerac.com.mx\/bra\/wp-content\/uploads\/2019\/07\/logo-leaf-new.png\" alt=\"\" loading=\"lazy\" \/>\t\t\t\t\t\t\t\t\t\t\t\t\t\t\t<\/p>\n<h5>Carniceria ComerBra<\/h5>\n<h1>Comercializadora y Distribuidora de Carnes<\/h1>\n<h4>Precios especiales para tu negocio, restaurante o empresa.<\/h4>\n<p>\t\t\t<a href=\"#tienda\" role=\"button\"><br \/>\n\t\t\t\t\t\tCompra ahora<br \/>\n\t\t\t\t\t<\/a><\/p>\n<h2>Venta y Distribuci\u00f3n de carne de res, pollo y cerdo al mayoreo y menudeo.<\/h2>\n<p style=\"text-align: center;\">Distribuimos carne de la res al por mayor. Manejamos desde cortes finos hasta pulpa de bola con toda la calidad que usted merece.<\/p>\n<p>\t\t\t\t\t\t\t\t\t\t\t\t\t\t\t<img decoding=\"async\" width=\"350\" height=\"350\" src=\"http:\/\/xerac.com.mx\/bra\/wp-content\/uploads\/2021\/07\/LOGO-COMERBRA-2.png\" alt=\"\" loading=\"lazy\" srcset=\"http:\/\/xerac.com.mx\/bra\/wp-content\/uploads\/2021\/07\/LOGO-COMERBRA-2.png 350w, http:\/\/xerac.com.mx\/bra\/wp-content\/uploads\/2021\/07\/LOGO-COMERBRA-2-300x300.png 300w, http:\/\/xerac.com.mx\/bra\/wp-content\/uploads\/2021\/07\/LOGO-COMERBRA-2-100x100.png 100w, http:\/\/xerac.com.mx\/bra\/wp-content\/uploads\/2021\/07\/LOGO-COMERBRA-2-150x150.png 150w\" sizes=\"auto, (max-width: 350px) 100vw, 350px\" \/><br \/>\n\t\t\t\t\t\t\t\t\t\t\t\t\t\t\t<img decoding=\"async\" width=\"350\" height=\"350\" src=\"http:\/\/xerac.com.mx\/bra\/wp-content\/uploads\/2021\/07\/LOGO-COMERBRA-1.png\" alt=\"\" loading=\"lazy\" srcset=\"http:\/\/xerac.com.mx\/bra\/wp-content\/uploads\/2021\/07\/LOGO-COMERBRA-1.png 350w, http:\/\/xerac.com.mx\/bra\/wp-content\/uploads\/2021\/07\/LOGO-COMERBRA-1-300x300.png 300w, http:\/\/xerac.com.mx\/bra\/wp-content\/uploads\/2021\/07\/LOGO-COMERBRA-1-100x100.png 100w, http:\/\/xerac.com.mx\/bra\/wp-content\/uploads\/2021\/07\/LOGO-COMERBRA-1-150x150.png 150w\" sizes=\"auto, (max-width: 350px) 100vw, 350px\" \/><br \/>\n\t\t\t\t\t\t\t\t\t\t\t\t\t\t\t<img decoding=\"async\" width=\"350\" height=\"350\" src=\"http:\/\/xerac.com.mx\/bra\/wp-content\/uploads\/2021\/07\/LOGO-COMERBRA-6.png\" alt=\"\" loading=\"lazy\" srcset=\"http:\/\/xerac.com.mx\/bra\/wp-content\/uploads\/2021\/07\/LOGO-COMERBRA-6.png 350w, http:\/\/xerac.com.mx\/bra\/wp-content\/uploads\/2021\/07\/LOGO-COMERBRA-6-300x300.png 300w, http:\/\/xerac.com.mx\/bra\/wp-content\/uploads\/2021\/07\/LOGO-COMERBRA-6-100x100.png 100w, http:\/\/xerac.com.mx\/bra\/wp-content\/uploads\/2021\/07\/LOGO-COMERBRA-6-150x150.png 150w\" sizes=\"auto, (max-width: 350px) 100vw, 350px\" \/>\t\t\t\t\t\t\t\t\t\t\t\t\t\t\t<\/p>\n<h2>Productos m\u00e1s vendidos\u2026<\/h2>\n<p>\t\t\t\t\t\t\t\t\t\t\t\t\t\t\t<img decoding=\"async\" width=\"75\" height=\"33\" src=\"http:\/\/xerac.com.mx\/bra\/wp-content\/uploads\/2019\/07\/logo-leaf-new.png\" alt=\"\" loading=\"lazy\" \/><br \/>\n\t\t[products limit=\u00bb4&#8243; columns=\u00bb4&#8243; visibility=\u00bbfeatured\u00bb category=\u00bbgroceries\u00bb]<br \/>\n\t\t\t\t\t\t\t\t\t\t\t\t\t\t\t<img decoding=\"async\" width=\"209\" height=\"90\" src=\"http:\/\/xerac.com.mx\/bra\/wp-content\/uploads\/2021\/03\/basil-leaf.png\" alt=\"\" loading=\"lazy\" \/>\t\t\t\t\t\t\t\t\t\t\t\t\t\t\t<\/p>\n<h3>Partes del CERDO<\/h3>\n<p>La carne de cerdo es una de las m\u00e1s completas, tiene buenas cualidades nutricionales, es muy magra, la mayor\u00eda de grasas presentes son instauradas y es rica en prote\u00ednas, potasio, hierro y selenio.<\/p>\n<p>\t\t\t<a href=\"#tienda\" role=\"button\"><br \/>\n\t\t\t\t\t\tComprar<br \/>\n\t\t\t\t\t<\/a><\/p>\n<h3>Las piezas de la carne de vacuno<\/h3>\n<p>Las distintas piezas de carne se dividen en cinco categor\u00edas seg\u00fan su calidad: extra, primera A, primera B, segunda y tercera.<\/p>\n<p>\t\t\t<a href=\"#tienda\" role=\"button\"><br \/>\n\t\t\t\t\t\tComprar<br \/>\n\t\t\t\t\t<\/a><\/p>\n<h3>Carnes de primera<\/h3>\n<p>Carnicer\u00edas CDMX Proveedores de carnes de calidad.<br \/>\nCarne de res<br \/>\nCarne de cerdo<br \/>\nCarne de pollo <br \/>\nCremer\u00eda y salchichoner\u00eda<\/p>\n<p>\t\t\t<a href=\"#tienda\" role=\"button\"><br \/>\n\t\t\t\t\t\tCont\u00e1ctanos<br \/>\n\t\t\t\t\t<\/a><\/p>\n<h2>Carnicer\u00edas CDMX. Distribuidora de carnes, proveedores de carnes para restaurantes.<\/h2>\n<p>\t\t\t<a href=\"https:\/\/api.whatsapp.com\/send?phone=5571106566&#038;text=Quiero%20conocer%20m%C3%A1s%20sobre%20costos%20a%20proveedores\" role=\"button\"><br \/>\n\t\t\t\t\t\tInformes<br \/>\n\t\t\t\t\t<\/a><\/p>\n<h2>Comercializadora BRA en CDMX y Estado de M\u00e9xico. Distribuidora de carnes, proveedores de hogares, negocios, restaurantes, empresas.<\/h2>\n<p>\t\t\t\t\t\t\t\t\t\t\t\t\t\t\t<img decoding=\"async\" width=\"75\" height=\"33\" src=\"http:\/\/xerac.com.mx\/bra\/wp-content\/uploads\/2019\/07\/logo-leaf-new.png\" alt=\"\" loading=\"lazy\" \/>\t\t\t\t\t\t\t\t\t\t\t\t\t\t\t<\/p>\n<p style=\"text-align: center;\">Garantizamos la calidad y frescura de nuestros productos.<\/p>\n<p style=\"text-align: center;\">Venta de carne en la CDMX.\u00a0<strong>Venta y distribuci\u00f3n de carne para restaurantes, comercios, locales, puestos<\/strong>, comedores industriales, chefs, empresas y gobierno<\/p>\n<h3>\n\t\t\t\t\tEntregas a Domicilio<br \/>\n\t\t\t\t<\/h3>\n<p>Entregamos en toda la CDMX y zona Metropolitana, pregunta por los costos de entrega.<\/p>\n<h3>\n\t\t\t\t\tCalidad<br \/>\n\t\t\t\t<\/h3>\n<p>Nos preocupamos por la calidad y est\u00e1ndares de nuestros productos es por eso que van empacados y etiquetados. .\n<\/p>\n<h6>Marcas destacadas:<\/h6>\n<p>\t\t\t\t\t\t\t\t\t\t\t\t\t\t\t<img decoding=\"async\" width=\"200\" height=\"200\" src=\"http:\/\/xerac.com.mx\/bra\/wp-content\/uploads\/2021\/07\/certificado-mexico.jpg\" alt=\"\" loading=\"lazy\" srcset=\"http:\/\/xerac.com.mx\/bra\/wp-content\/uploads\/2021\/07\/certificado-mexico.jpg 200w, http:\/\/xerac.com.mx\/bra\/wp-content\/uploads\/2021\/07\/certificado-mexico-150x150.jpg 150w, http:\/\/xerac.com.mx\/bra\/wp-content\/uploads\/2021\/07\/certificado-mexico-100x100.jpg 100w\" sizes=\"auto, (max-width: 200px) 100vw, 200px\" \/><br \/>\n\t\t\t\t\t\t\t\t\t\t\t\t\t\t\t<img decoding=\"async\" width=\"200\" height=\"206\" src=\"http:\/\/xerac.com.mx\/bra\/wp-content\/uploads\/2021\/07\/certificados2.jpg\" alt=\"\" loading=\"lazy\" \/><br \/>\n\t\t\t\t\t\t\t\t\t\t\t\t\t\t\t<img decoding=\"async\" width=\"150\" height=\"157\" src=\"http:\/\/xerac.com.mx\/bra\/wp-content\/uploads\/2021\/07\/logo-tiff.png\" alt=\"\" loading=\"lazy\" \/><br \/>\n\t\t\t\t\t\t\t\t\t\t\t\t\t\t\t<img decoding=\"async\" width=\"250\" height=\"250\" src=\"http:\/\/xerac.com.mx\/bra\/wp-content\/uploads\/2021\/07\/certificado-accp.jpg\" alt=\"\" loading=\"lazy\" srcset=\"http:\/\/xerac.com.mx\/bra\/wp-content\/uploads\/2021\/07\/certificado-accp.jpg 250w, http:\/\/xerac.com.mx\/bra\/wp-content\/uploads\/2021\/07\/certificado-accp-150x150.jpg 150w, http:\/\/xerac.com.mx\/bra\/wp-content\/uploads\/2021\/07\/certificado-accp-100x100.jpg 100w\" sizes=\"auto, (max-width: 250px) 100vw, 250px\" \/><\/p>\n","protected":false},"excerpt":{"rendered":"<p>Carniceria ComerBra Comercializadora y Distribuidora de Carnes Precios especiales para tu negocio, restaurante o empresa. Compra ahora Venta y Distribuci\u00f3n de carne de res, pollo y cerdo al mayoreo y menudeo. Distribuimos carne de la res al por mayor. Manejamos desde cortes finos hasta pulpa de bola con toda la calidad que usted merece. Productos [&hellip;]<\/p>\n","protected":false},"author":1,"featured_media":0,"parent":0,"menu_order":0,"comment_status":"closed","ping_status":"closed","template":"","meta":{"site-sidebar-layout":"no-sidebar","site-content-layout":"page-builder","ast-site-content-layout":"","site-content-style":"default","site-sidebar-style":"default","ast-global-header-display":"","ast-banner-title-visibility":"","ast-main-header-display":"","ast-hfb-above-header-display":"","ast-hfb-below-header-display":"","ast-hfb-mobile-header-display":"","site-post-title":"disabled","ast-breadcrumbs-content":"","ast-featured-img":"disabled","footer-sml-layout":"","theme-transparent-header-meta":"enabled","adv-header-id-meta":"","stick-header-meta":"","header-above-stick-meta":"","header-main-stick-meta":"","header-below-stick-meta":"","astra-migrate-meta-layouts":"default","ast-page-background-enabled":"default","ast-page-background-meta":{"desktop":{"background-color":"","background-image":"","background-repeat":"repeat","background-position":"center center","background-size":"auto","background-attachment":"scroll","background-type":"","background-media":"","overlay-type":"","overlay-color":"","overlay-gradient":""},"tablet":{"background-color":"","background-image":"","background-repeat":"repeat","background-position":"center center","background-size":"auto","background-attachment":"scroll","background-type":"","background-media":"","overlay-type":"","overlay-color":"","overlay-gradient":""},"mobile":{"background-color":"","background-image":"","background-repeat":"repeat","background-position":"center center","background-size":"auto","background-attachment":"scroll","background-type":"","background-media":"","overlay-type":"","overlay-color":"","overlay-gradient":""}},"ast-content-background-meta":{"desktop":{"background-color":"var(--ast-global-color-5)","background-image":"","background-repeat":"repeat","background-position":"center center","background-size":"auto","background-attachment":"scroll","background-type":"","background-media":"","overlay-type":"","overlay-color":"","overlay-gradient":""},"tablet":{"background-color":"var(--ast-global-color-5)","background-image":"","background-repeat":"repeat","background-position":"center center","background-size":"auto","background-attachment":"scroll","background-type":"","background-media":"","overlay-type":"","overlay-color":"","overlay-gradient":""},"mobile":{"background-color":"var(--ast-global-color-5)","background-image":"","background-repeat":"repeat","background-position":"center center","background-size":"auto","background-attachment":"scroll","background-type":"","background-media":"","overlay-type":"","overlay-color":"","overlay-gradient":""}},"footnotes":""},"class_list":["post-95","page","type-page","status-publish","hentry"],"_links":{"self":[{"href":"https:\/\/xerac.com.mx\/bra\/wp-json\/wp\/v2\/pages\/95","targetHints":{"allow":["GET"]}}],"collection":[{"href":"https:\/\/xerac.com.mx\/bra\/wp-json\/wp\/v2\/pages"}],"about":[{"href":"https:\/\/xerac.com.mx\/bra\/wp-json\/wp\/v2\/types\/page"}],"author":[{"embeddable":true,"href":"https:\/\/xerac.com.mx\/bra\/wp-json\/wp\/v2\/users\/1"}],"replies":[{"embeddable":true,"href":"https:\/\/xerac.com.mx\/bra\/wp-json\/wp\/v2\/comments?post=95"}],"version-history":[{"count":25,"href":"https:\/\/xerac.com.mx\/bra\/wp-json\/wp\/v2\/pages\/95\/revisions"}],"predecessor-version":[{"id":4421,"href":"https:\/\/xerac.com.mx\/bra\/wp-json\/wp\/v2\/pages\/95\/revisions\/4421"}],"wp:attachment":[{"href":"https:\/\/xerac.com.mx\/bra\/wp-json\/wp\/v2\/media?parent=95"}],"curies":[{"name":"wp","href":"https:\/\/api.w.org\/{rel}","templated":true}]}}