{"id":4268,"date":"2018-06-18T06:58:10","date_gmt":"2018-06-18T06:58:10","guid":{"rendered":"http:\/\/xerac.com.mx\/bra\/contact\/"},"modified":"2021-08-02T14:40:17","modified_gmt":"2021-08-02T14:40:17","slug":"contacto","status":"publish","type":"page","link":"https:\/\/xerac.com.mx\/bra\/contacto\/","title":{"rendered":"Contacto"},"content":{"rendered":"<h1>Cont\u00e1ctanos Ahora<\/h1>\n<p>\t\t\t\t\t\t\t\t\t\t\t\t\t\t\t<img decoding=\"async\" width=\"209\" height=\"90\" src=\"http:\/\/xerac.com.mx\/bra\/wp-content\/uploads\/2021\/03\/basil-leaf.png\" alt=\"\" loading=\"lazy\" \/>\t\t\t\t\t\t\t\t\t\t\t\t\t\t\t<\/p>\n<p><a href=\"http:\/\/tel.5544355340\">55 4435 5340<\/a><\/p>\n<p><a href=\"http:\/\/tel.5562691715\">55 6269 1715<\/a><\/p>\n<p><a href=\"mailto:ventas@xerac.com.mx\">ventas@xerac.com.mx<\/a><\/p>\n<p><a href=\"mailto:proveedores@xerac.com.mx\">proveedores@xerac.com.mx<\/a><\/p>\n<p><a href=\"https:\/\/goo.gl\/maps\/jrCrydRke3k62TjP6\">23 de Abril, Eusebio J\u00e1uregui &amp;, San Pedro Xalpa, Azcapotzalco, 02719 Ciudad de M\u00e9xico, CDMX<\/a><\/p>\n<h3>PRECIOS DE MAYOREO Y MENUDEO<br \/>\nContacta con nosotros y p\u00eddenos tu tarifa de precios. Los mejores Restaurantes ya confian en nosotros.<br \/>\n<\/h3>\n<p>\t\t\t\t\t\t\t\t\t\t\t\t\t\t\t<img decoding=\"async\" width=\"75\" height=\"33\" src=\"http:\/\/xerac.com.mx\/bra\/wp-content\/uploads\/2019\/07\/logo-leaf-new.png\" alt=\"\" loading=\"lazy\" \/><br \/>\n\t\t\t\t\t\t\t\t\t\t\t\t\t\t\t<img decoding=\"async\" width=\"1024\" height=\"768\" src=\"http:\/\/xerac.com.mx\/bra\/wp-content\/uploads\/2021\/07\/Vacio-Tipo-Argentino-2-1024x768.jpeg\" alt=\"\" loading=\"lazy\" srcset=\"http:\/\/xerac.com.mx\/bra\/wp-content\/uploads\/2021\/07\/Vacio-Tipo-Argentino-2-1024x768.jpeg 1024w, http:\/\/xerac.com.mx\/bra\/wp-content\/uploads\/2021\/07\/Vacio-Tipo-Argentino-2-300x225.jpeg 300w, http:\/\/xerac.com.mx\/bra\/wp-content\/uploads\/2021\/07\/Vacio-Tipo-Argentino-2-768x576.jpeg 768w, http:\/\/xerac.com.mx\/bra\/wp-content\/uploads\/2021\/07\/Vacio-Tipo-Argentino-2-600x450.jpeg 600w, http:\/\/xerac.com.mx\/bra\/wp-content\/uploads\/2021\/07\/Vacio-Tipo-Argentino-2.jpeg 1280w\" sizes=\"auto, (max-width: 1024px) 100vw, 1024px\" \/><br \/>\n\t\t\t<iframe frameborder=\"0\" scrolling=\"no\" marginheight=\"0\" marginwidth=\"0\" src=\"https:\/\/maps.google.com\/maps?q=Comerbra&amp;t=m&amp;z=10&amp;output=embed&amp;iwloc=near\" title=\"%3$s\" aria-label=\"%3$s\"><\/iframe><\/p>\n","protected":false},"excerpt":{"rendered":"<p>Cont\u00e1ctanos Ahora 55 4435 5340 55 6269 1715 ventas@xerac.com.mx proveedores@xerac.com.mx 23 de Abril, Eusebio J\u00e1uregui &amp;, San Pedro Xalpa, Azcapotzalco, 02719 Ciudad de M\u00e9xico, CDMX PRECIOS DE MAYOREO Y MENUDEO Contacta con nosotros y p\u00eddenos tu tarifa de precios. Los mejores Restaurantes ya confian en nosotros.<\/p>\n","protected":false},"author":1,"featured_media":0,"parent":0,"menu_order":0,"comment_status":"closed","ping_status":"closed","template":"","meta":{"site-sidebar-layout":"no-sidebar","site-content-layout":"page-builder","ast-site-content-layout":"","site-content-style":"default","site-sidebar-style":"default","ast-global-header-display":"","ast-banner-title-visibility":"","ast-main-header-display":"","ast-hfb-above-header-display":"","ast-hfb-below-header-display":"","ast-hfb-mobile-header-display":"","site-post-title":"disabled","ast-breadcrumbs-content":"","ast-featured-img":"disabled","footer-sml-layout":"","theme-transparent-header-meta":"enabled","adv-header-id-meta":"","stick-header-meta":"","header-above-stick-meta":"","header-main-stick-meta":"","header-below-stick-meta":"","astra-migrate-meta-layouts":"default","ast-page-background-enabled":"default","ast-page-background-meta":{"desktop":{"background-color":"","background-image":"","background-repeat":"repeat","background-position":"center center","background-size":"auto","background-attachment":"scroll","background-type":"","background-media":"","overlay-type":"","overlay-color":"","overlay-gradient":""},"tablet":{"background-color":"","background-image":"","background-repeat":"repeat","background-position":"center center","background-size":"auto","background-attachment":"scroll","background-type":"","background-media":"","overlay-type":"","overlay-color":"","overlay-gradient":""},"mobile":{"background-color":"","background-image":"","background-repeat":"repeat","background-position":"center center","background-size":"auto","background-attachment":"scroll","background-type":"","background-media":"","overlay-type":"","overlay-color":"","overlay-gradient":""}},"ast-content-background-meta":{"desktop":{"background-color":"var(--ast-global-color-5)","background-image":"","background-repeat":"repeat","background-position":"center center","background-size":"auto","background-attachment":"scroll","background-type":"","background-media":"","overlay-type":"","overlay-color":"","overlay-gradient":""},"tablet":{"background-color":"var(--ast-global-color-5)","background-image":"","background-repeat":"repeat","background-position":"center center","background-size":"auto","background-attachment":"scroll","background-type":"","background-media":"","overlay-type":"","overlay-color":"","overlay-gradient":""},"mobile":{"background-color":"var(--ast-global-color-5)","background-image":"","background-repeat":"repeat","background-position":"center center","background-size":"auto","background-attachment":"scroll","background-type":"","background-media":"","overlay-type":"","overlay-color":"","overlay-gradient":""}},"footnotes":""},"class_list":["post-4268","page","type-page","status-publish","hentry"],"_links":{"self":[{"href":"https:\/\/xerac.com.mx\/bra\/wp-json\/wp\/v2\/pages\/4268","targetHints":{"allow":["GET"]}}],"collection":[{"href":"https:\/\/xerac.com.mx\/bra\/wp-json\/wp\/v2\/pages"}],"about":[{"href":"https:\/\/xerac.com.mx\/bra\/wp-json\/wp\/v2\/types\/page"}],"author":[{"embeddable":true,"href":"https:\/\/xerac.com.mx\/bra\/wp-json\/wp\/v2\/users\/1"}],"replies":[{"embeddable":true,"href":"https:\/\/xerac.com.mx\/bra\/wp-json\/wp\/v2\/comments?post=4268"}],"version-history":[{"count":10,"href":"https:\/\/xerac.com.mx\/bra\/wp-json\/wp\/v2\/pages\/4268\/revisions"}],"predecessor-version":[{"id":4392,"href":"https:\/\/xerac.com.mx\/bra\/wp-json\/wp\/v2\/pages\/4268\/revisions\/4392"}],"wp:attachment":[{"href":"https:\/\/xerac.com.mx\/bra\/wp-json\/wp\/v2\/media?parent=4268"}],"curies":[{"name":"wp","href":"https:\/\/api.w.org\/{rel}","templated":true}]}}